{"id":186,"date":"2024-06-20T15:20:18","date_gmt":"2024-06-20T12:20:18","guid":{"rendered":"https:\/\/asyarestorasyon.com.tr\/?page_id=186"},"modified":"2024-06-27T15:50:31","modified_gmt":"2024-06-27T12:50:31","slug":"projelerimiz","status":"publish","type":"page","link":"https:\/\/asyarestorasyon.com.tr\/index.php\/projelerimiz\/","title":{"rendered":"Projelerimiz"},"content":{"rendered":"\n<div class=\"wp-block-columns is-layout-flex wp-container-core-columns-is-layout-9d6595d7 wp-block-columns-is-layout-flex\">\n<div class=\"wp-block-column is-layout-flow wp-block-column-is-layout-flow\" style=\"flex-basis:100%\">\n<div class=\"wp-block-group\"><div class=\"wp-block-group__inner-container is-layout-constrained wp-block-group-is-layout-constrained\">\n<div class=\"wp-block-media-text is-stacked-on-mobile\" style=\"grid-template-columns:36% auto\"><figure class=\"wp-block-media-text__media\"><a href=\"https:\/\/asyarestorasyon.com.tr\/index.php\/tarihi-hisar-camii-restorasyonu-yapim-isi\/\" target=\"_blank\" rel=\"noreferrer noopener\"><img loading=\"lazy\" decoding=\"async\" width=\"1024\" height=\"684\" src=\"https:\/\/asyarestorasyon.com.tr\/wp-content\/uploads\/2024\/06\/6c2814551-1024x684.jpg\" alt=\"\" class=\"wp-image-348 size-full\" srcset=\"https:\/\/asyarestorasyon.com.tr\/wp-content\/uploads\/2024\/06\/6c2814551-1024x684.jpg 1024w, https:\/\/asyarestorasyon.com.tr\/wp-content\/uploads\/2024\/06\/6c2814551-300x200.jpg 300w, https:\/\/asyarestorasyon.com.tr\/wp-content\/uploads\/2024\/06\/6c2814551-768x513.jpg 768w, https:\/\/asyarestorasyon.com.tr\/wp-content\/uploads\/2024\/06\/6c2814551-1536x1026.jpg 1536w, https:\/\/asyarestorasyon.com.tr\/wp-content\/uploads\/2024\/06\/6c2814551-2048x1368.jpg 2048w\" sizes=\"auto, (max-width: 1024px) 100vw, 1024px\" \/><\/a><\/figure><div class=\"wp-block-media-text__content\">\n<ul class=\"wp-block-list\">\n<li><strong>\u0130\u015e\u0130N ADI :<\/strong> TAR\u0130H\u0130 H\u0130SAR CAM\u0130\u0130 RESTORASYONU <\/li>\n\n\n\n<li><strong>YER :<\/strong> \u0130ZM\u0130R \/ KONAK<\/li>\n\n\n\n<li><strong>\u0130DARE :<\/strong> VAKIFLAR B\u00d6LGE M\u00dcD.<\/li>\n\n\n\n<li><strong>YAPIM YILI :<\/strong> 2010<\/li>\n<\/ul>\n<\/div><\/div>\n<\/div><\/div>\n<\/div>\n<\/div>\n\n\n\n<div class=\"wp-block-media-text is-stacked-on-mobile\" style=\"grid-template-columns:36% auto\"><figure class=\"wp-block-media-text__media\"><a href=\"https:\/\/asyarestorasyon.com.tr\/index.php\/ljkl\/\" target=\"_blank\" rel=\"noreferrer noopener\"><img loading=\"lazy\" decoding=\"async\" width=\"600\" height=\"400\" src=\"https:\/\/asyarestorasyon.com.tr\/wp-content\/uploads\/2024\/06\/1481096597-1.jpg\" alt=\"\" class=\"wp-image-318 size-full\" srcset=\"https:\/\/asyarestorasyon.com.tr\/wp-content\/uploads\/2024\/06\/1481096597-1.jpg 600w, https:\/\/asyarestorasyon.com.tr\/wp-content\/uploads\/2024\/06\/1481096597-1-300x200.jpg 300w\" sizes=\"auto, (max-width: 600px) 100vw, 600px\" \/><\/a><\/figure><div class=\"wp-block-media-text__content\">\n<ul class=\"wp-block-list\">\n<li><strong>\u0130\u015e\u0130N ADI<\/strong>  : TAR\u0130H\u0130 GEVALE KALES\u0130 RESTORASYONU<\/li>\n\n\n\n<li><strong>YER<\/strong>  : KONYA \/ SEL\u00c7UKLU<\/li>\n\n\n\n<li><strong>\u0130DARE<\/strong>  :  SEL\u00c7UKLU BELED\u0130YES\u0130<\/li>\n\n\n\n<li><strong>YAPIM YILI<\/strong> : 2016<\/li>\n<\/ul>\n<\/div><\/div>\n\n\n\n<div class=\"wp-block-media-text is-stacked-on-mobile\" style=\"grid-template-columns:36% auto\"><figure class=\"wp-block-media-text__media\"><a href=\"https:\/\/asyarestorasyon.com.tr\/index.php\/kocaeli-tarihi-hereke-kalesi\/\" target=\"_blank\" rel=\"noreferrer noopener\"><img loading=\"lazy\" decoding=\"async\" width=\"1000\" height=\"666\" src=\"https:\/\/asyarestorasyon.com.tr\/wp-content\/uploads\/2024\/06\/zuNvbuQawkGmmSnYXpiXFA.jpg.webp\" alt=\"\" class=\"wp-image-281 size-full\"\/><\/a><\/figure><div class=\"wp-block-media-text__content\">\n<ul class=\"wp-block-list\">\n<li><strong>\u0130\u015e\u0130N ADI :<\/strong> TAR\u0130H\u0130 HERKE KALES\u0130<\/li>\n\n\n\n<li><strong>YER :<\/strong> KOCAEL\u0130 \/ K\u00d6RFEZ<\/li>\n\n\n\n<li><strong>\u0130DARE  : <\/strong>K\u00d6RFEZ BELED\u0130YES\u0130<\/li>\n\n\n\n<li><strong>YAPIM YILI :<\/strong> 2015-2016<\/li>\n<\/ul>\n<\/div><\/div>\n\n\n\n<div class=\"wp-block-media-text is-stacked-on-mobile\" style=\"grid-template-columns:36% auto\"><figure class=\"wp-block-media-text__media\"><a href=\"https:\/\/asyarestorasyon.com.tr\/index.php\/said-nursi-hz-muzesi-restorasyonu\/\" target=\"_blank\" rel=\"noreferrer noopener\"><img loading=\"lazy\" decoding=\"async\" width=\"1024\" height=\"605\" src=\"https:\/\/asyarestorasyon.com.tr\/wp-content\/uploads\/2024\/06\/Ekran-Resmi-2024-06-12-16.24.02-1024x605.png\" alt=\"\" class=\"wp-image-285 size-full\" srcset=\"https:\/\/asyarestorasyon.com.tr\/wp-content\/uploads\/2024\/06\/Ekran-Resmi-2024-06-12-16.24.02-1024x605.png 1024w, https:\/\/asyarestorasyon.com.tr\/wp-content\/uploads\/2024\/06\/Ekran-Resmi-2024-06-12-16.24.02-300x177.png 300w, https:\/\/asyarestorasyon.com.tr\/wp-content\/uploads\/2024\/06\/Ekran-Resmi-2024-06-12-16.24.02-768x454.png 768w, https:\/\/asyarestorasyon.com.tr\/wp-content\/uploads\/2024\/06\/Ekran-Resmi-2024-06-12-16.24.02.png 1139w\" sizes=\"auto, (max-width: 1024px) 100vw, 1024px\" \/><\/a><\/figure><div class=\"wp-block-media-text__content\">\n<ul class=\"wp-block-list\">\n<li><strong>\u0130\u015e\u0130N ADI :<\/strong> \u0130NEBOLU SA\u0130D NURS\u0130 HZ. M\u00dcZES\u0130<\/li>\n\n\n\n<li><strong>YER :<\/strong> KASTAMONU \/ \u0130NEBOLU <\/li>\n\n\n\n<li><strong>\u0130DARE :<\/strong> ANTALYA B\u00dcY\u00dcK\u015eEH\u0130R BELED\u0130YES\u0130<\/li>\n\n\n\n<li><strong>YAPIM YILI :<\/strong> 2017-2018<\/li>\n<\/ul>\n<\/div><\/div>\n\n\n\n<div class=\"wp-block-media-text is-stacked-on-mobile\" style=\"grid-template-columns:36% auto\"><figure class=\"wp-block-media-text__media\"><a href=\"https:\/\/asyarestorasyon.com.tr\/index.php\/tarihi-sarachane-ve-yalnizgoz-koprusu\/\" target=\"_blank\" rel=\"noreferrer noopener\"><img loading=\"lazy\" decoding=\"async\" width=\"1024\" height=\"667\" src=\"https:\/\/asyarestorasyon.com.tr\/wp-content\/uploads\/2024\/06\/10323405.webp\" alt=\"\" class=\"wp-image-346 size-full\"\/><\/a><\/figure><div class=\"wp-block-media-text__content\">\n<ul class=\"wp-block-list\">\n<li><strong>\u0130\u015e\u0130N ADI: <\/strong>SARA\u00c7HANE \/ YALNIZG\u00d6Z K\u00d6PR\u00dcS\u00dc<\/li>\n\n\n\n<li><strong>YER :<\/strong> ED\u0130RNE \/ MERKEZ<\/li>\n\n\n\n<li><strong>\u0130DARE : <\/strong>KARAYOLLARI 1. B\u00d6LGE GENEL MDR.<\/li>\n\n\n\n<li><strong>YAPIM YILI :<\/strong> 2011-2012<\/li>\n<\/ul>\n<\/div><\/div>\n\n\n\n<div class=\"wp-block-media-text is-stacked-on-mobile\" style=\"grid-template-columns:36% auto\"><figure class=\"wp-block-media-text__media\"><a href=\"https:\/\/asyarestorasyon.com.tr\/index.php\/selcuklu-haci-ali-aga-sokak-sagliklastirma\/\" target=\"_blank\" rel=\"noreferrer noopener\"><img loading=\"lazy\" decoding=\"async\" width=\"1024\" height=\"552\" src=\"https:\/\/asyarestorasyon.com.tr\/wp-content\/uploads\/2024\/06\/Ekran-Resmi-2024-06-12-16.36.28-1024x552.png\" alt=\"\" class=\"wp-image-290 size-full\" srcset=\"https:\/\/asyarestorasyon.com.tr\/wp-content\/uploads\/2024\/06\/Ekran-Resmi-2024-06-12-16.36.28-1024x552.png 1024w, https:\/\/asyarestorasyon.com.tr\/wp-content\/uploads\/2024\/06\/Ekran-Resmi-2024-06-12-16.36.28-300x162.png 300w, https:\/\/asyarestorasyon.com.tr\/wp-content\/uploads\/2024\/06\/Ekran-Resmi-2024-06-12-16.36.28-768x414.png 768w, https:\/\/asyarestorasyon.com.tr\/wp-content\/uploads\/2024\/06\/Ekran-Resmi-2024-06-12-16.36.28.png 1148w\" sizes=\"auto, (max-width: 1024px) 100vw, 1024px\" \/><\/a><\/figure><div class=\"wp-block-media-text__content\">\n<ul class=\"wp-block-list\">\n<li><strong>\u0130\u015e\u0130N ADI :<\/strong> SEL\u00c7UKLU HACI AL\u0130 A\u011eA SOKAK SA\u011eLIKLA\u015eTIRMA<\/li>\n\n\n\n<li><strong>YER :<\/strong> KONYA \/ SEL\u00c7UKLU<\/li>\n\n\n\n<li><strong>\u0130DARE :<\/strong> SEL\u00c7UKLU BELED\u0130YES\u0130<\/li>\n\n\n\n<li><strong>YAPIM YILI :<\/strong> 2018-2019<\/li>\n<\/ul>\n<\/div><\/div>\n\n\n\n<div class=\"wp-block-media-text is-stacked-on-mobile\" style=\"grid-template-columns:37% auto\"><figure class=\"wp-block-media-text__media\"><a href=\"https:\/\/asyarestorasyon.com.tr\/index.php\/tarihi-kirazoglu-konagi\/\" target=\"_blank\" rel=\"noreferrer noopener\"><img loading=\"lazy\" decoding=\"async\" width=\"800\" height=\"380\" src=\"https:\/\/asyarestorasyon.com.tr\/wp-content\/uploads\/2024\/06\/1464866378.jpg\" alt=\"\" class=\"wp-image-362 size-full\" srcset=\"https:\/\/asyarestorasyon.com.tr\/wp-content\/uploads\/2024\/06\/1464866378.jpg 800w, https:\/\/asyarestorasyon.com.tr\/wp-content\/uploads\/2024\/06\/1464866378-300x143.jpg 300w, https:\/\/asyarestorasyon.com.tr\/wp-content\/uploads\/2024\/06\/1464866378-768x365.jpg 768w\" sizes=\"auto, (max-width: 800px) 100vw, 800px\" \/><\/a><\/figure><div class=\"wp-block-media-text__content\">\n<ul class=\"wp-block-list\">\n<li><strong>\u0130\u015e\u0130N ADI :<\/strong> TAR\u0130H\u0130 K\u0130RAZO\u011eLU KONA\u011eI<\/li>\n\n\n\n<li><strong>YER :<\/strong> \u0130ZM\u0130R \/ T\u0130RE<\/li>\n\n\n\n<li><strong>\u0130DARE : <\/strong>\u0130ZM\u0130R B\u00dcY\u00dcK\u015eEH\u0130R BELED\u0130YES\u0130<\/li>\n\n\n\n<li><strong>YAPIM YILI :<\/strong> 2008-2009<\/li>\n<\/ul>\n<\/div><\/div>\n\n\n\n<div class=\"wp-block-media-text is-stacked-on-mobile\" style=\"grid-template-columns:37% auto\"><figure class=\"wp-block-media-text__media\"><a href=\"https:\/\/asyarestorasyon.com.tr\/index.php\/tarihi-turk-ocagi-binasi\/\" target=\"_blank\" rel=\"noreferrer noopener\"><img loading=\"lazy\" decoding=\"async\" width=\"1024\" height=\"671\" src=\"https:\/\/asyarestorasyon.com.tr\/wp-content\/uploads\/2024\/06\/Ekran-Resmi-2024-06-12-16.38.58-1024x671.png\" alt=\"\" class=\"wp-image-296 size-full\" srcset=\"https:\/\/asyarestorasyon.com.tr\/wp-content\/uploads\/2024\/06\/Ekran-Resmi-2024-06-12-16.38.58-1024x671.png 1024w, https:\/\/asyarestorasyon.com.tr\/wp-content\/uploads\/2024\/06\/Ekran-Resmi-2024-06-12-16.38.58-300x196.png 300w, https:\/\/asyarestorasyon.com.tr\/wp-content\/uploads\/2024\/06\/Ekran-Resmi-2024-06-12-16.38.58-768x503.png 768w, https:\/\/asyarestorasyon.com.tr\/wp-content\/uploads\/2024\/06\/Ekran-Resmi-2024-06-12-16.38.58.png 1136w\" sizes=\"auto, (max-width: 1024px) 100vw, 1024px\" \/><\/a><\/figure><div class=\"wp-block-media-text__content\">\n<ul class=\"wp-block-list\">\n<li><strong>\u0130\u015e\u0130N ADI : <\/strong>TAR\u0130H\u0130 T\u00dcRK OCA\u011eI B\u0130NASI <\/li>\n\n\n\n<li><strong>YER :<\/strong> KASTAMONU \/ \u0130NEBOLU <\/li>\n\n\n\n<li><strong>\u0130DARE : <\/strong>ANTALYA B\u00dcY\u00dcK\u015eEH\u0130R BELED\u0130YES\u0130<\/li>\n\n\n\n<li><strong>YAPIM YILI :<\/strong> 2005-2006<\/li>\n<\/ul>\n<\/div><\/div>\n\n\n\n<div class=\"wp-block-media-text is-stacked-on-mobile\" style=\"grid-template-columns:37% auto\"><figure class=\"wp-block-media-text__media\"><a href=\"https:\/\/asyarestorasyon.com.tr\/index.php\/haburman-koprusu\/\" target=\"_blank\" rel=\"noreferrer noopener\"><img loading=\"lazy\" decoding=\"async\" width=\"1017\" height=\"523\" src=\"https:\/\/asyarestorasyon.com.tr\/wp-content\/uploads\/2024\/06\/haburman1.webp\" alt=\"\" class=\"wp-image-374 size-full\"\/><\/a><\/figure><div class=\"wp-block-media-text__content\">\n<ul class=\"wp-block-list\">\n<li><strong>\u0130\u015e\u0130N ADI :<\/strong> HABURMAN K\u00d6PR\u00dcS\u00dc <\/li>\n\n\n\n<li><strong>YER :<\/strong> D\u0130YARBAKIR \/ \u00c7ERM\u0130K<\/li>\n\n\n\n<li><strong>\u0130DARE : <\/strong>KARAYOLLARI GENEL M\u00dcD\u00dcRL\u00dc\u011e\u00dc<\/li>\n\n\n\n<li><strong>YAPIM YILI : <\/strong>2011-2012<\/li>\n<\/ul>\n<\/div><\/div>\n\n\n\n<div class=\"wp-block-media-text is-stacked-on-mobile\" style=\"grid-template-columns:37% auto\"><figure class=\"wp-block-media-text__media\"><a href=\"https:\/\/asyarestorasyon.com.tr\/index.php\/osmanli-carsisi\/\" target=\"_blank\" rel=\"noreferrer noopener\"><img loading=\"lazy\" decoding=\"async\" width=\"1024\" height=\"692\" src=\"https:\/\/asyarestorasyon.com.tr\/wp-content\/uploads\/2024\/06\/Ekran-Resmi-2024-06-12-16.42.44-1024x692.png\" alt=\"\" class=\"wp-image-300 size-full\" srcset=\"https:\/\/asyarestorasyon.com.tr\/wp-content\/uploads\/2024\/06\/Ekran-Resmi-2024-06-12-16.42.44-1024x692.png 1024w, https:\/\/asyarestorasyon.com.tr\/wp-content\/uploads\/2024\/06\/Ekran-Resmi-2024-06-12-16.42.44-300x203.png 300w, https:\/\/asyarestorasyon.com.tr\/wp-content\/uploads\/2024\/06\/Ekran-Resmi-2024-06-12-16.42.44-768x519.png 768w, https:\/\/asyarestorasyon.com.tr\/wp-content\/uploads\/2024\/06\/Ekran-Resmi-2024-06-12-16.42.44.png 1105w\" sizes=\"auto, (max-width: 1024px) 100vw, 1024px\" \/><\/a><\/figure><div class=\"wp-block-media-text__content\">\n<ul class=\"wp-block-list\">\n<li><strong>\u0130\u015e\u0130N ADI :<\/strong> OSMANLI \u00c7AR\u015eISI <\/li>\n\n\n\n<li><strong>YER :<\/strong> \u0130ZM\u0130R \/ BERGAMA <\/li>\n\n\n\n<li><strong>\u0130DARE :<\/strong> BERGAMA BELED\u0130YES\u0130<\/li>\n\n\n\n<li><strong>YAPIM YILI :<\/strong> 2011-2012<\/li>\n<\/ul>\n<\/div><\/div>\n\n\n\n<div class=\"wp-block-media-text is-stacked-on-mobile\" style=\"grid-template-columns:37% auto\"><figure class=\"wp-block-media-text__media\"><a href=\"https:\/\/asyarestorasyon.com.tr\/index.php\/mengen-camii\/\" target=\"_blank\" rel=\"noreferrer noopener\"><img loading=\"lazy\" decoding=\"async\" width=\"1024\" height=\"627\" src=\"https:\/\/asyarestorasyon.com.tr\/wp-content\/uploads\/2024\/06\/Ekran-Resmi-2024-06-12-16.44.55-1024x627.png\" alt=\"\" class=\"wp-image-303 size-full\" srcset=\"https:\/\/asyarestorasyon.com.tr\/wp-content\/uploads\/2024\/06\/Ekran-Resmi-2024-06-12-16.44.55-1024x627.png 1024w, https:\/\/asyarestorasyon.com.tr\/wp-content\/uploads\/2024\/06\/Ekran-Resmi-2024-06-12-16.44.55-300x184.png 300w, https:\/\/asyarestorasyon.com.tr\/wp-content\/uploads\/2024\/06\/Ekran-Resmi-2024-06-12-16.44.55-768x470.png 768w, https:\/\/asyarestorasyon.com.tr\/wp-content\/uploads\/2024\/06\/Ekran-Resmi-2024-06-12-16.44.55.png 1113w\" sizes=\"auto, (max-width: 1024px) 100vw, 1024px\" \/><\/a><\/figure><div class=\"wp-block-media-text__content\">\n<ul class=\"wp-block-list\">\n<li><strong>\u0130\u015e\u0130N ADI :<\/strong> MENGEN CAM\u0130\u0130<\/li>\n\n\n\n<li><strong>YER :<\/strong> BOLU \/ MENGEN <\/li>\n\n\n\n<li><strong>\u0130DARE :<\/strong> VAKIFLAR ANKARA B\u00d6LGE M\u00dcD\u00dcRL\u00dc\u011e\u00dc<\/li>\n\n\n\n<li><strong>YAPIM YILI :<\/strong> 2006-2007<\/li>\n<\/ul>\n<\/div><\/div>\n\n\n\n<div class=\"wp-block-media-text is-stacked-on-mobile\" style=\"grid-template-columns:38% auto\"><figure class=\"wp-block-media-text__media\"><a href=\"https:\/\/asyarestorasyon.com.tr\/index.php\/namik-kemal-kutuphanesi\/\" target=\"_blank\" rel=\"noreferrer noopener\"><img loading=\"lazy\" decoding=\"async\" width=\"1024\" height=\"601\" src=\"https:\/\/asyarestorasyon.com.tr\/wp-content\/uploads\/2024\/06\/Ekran-Resmi-2024-06-12-16.46.39-1024x601.png\" alt=\"\" class=\"wp-image-307 size-full\" srcset=\"https:\/\/asyarestorasyon.com.tr\/wp-content\/uploads\/2024\/06\/Ekran-Resmi-2024-06-12-16.46.39-1024x601.png 1024w, https:\/\/asyarestorasyon.com.tr\/wp-content\/uploads\/2024\/06\/Ekran-Resmi-2024-06-12-16.46.39-300x176.png 300w, https:\/\/asyarestorasyon.com.tr\/wp-content\/uploads\/2024\/06\/Ekran-Resmi-2024-06-12-16.46.39-768x451.png 768w, https:\/\/asyarestorasyon.com.tr\/wp-content\/uploads\/2024\/06\/Ekran-Resmi-2024-06-12-16.46.39.png 1123w\" sizes=\"auto, (max-width: 1024px) 100vw, 1024px\" \/><\/a><\/figure><div class=\"wp-block-media-text__content\">\n<ul class=\"wp-block-list\">\n<li><strong>\u0130\u015e\u0130N ADI :<\/strong> NAMIK KEMAL K\u00dcT\u00dcPHANES\u0130<\/li>\n\n\n\n<li><strong>YER :<\/strong> KONYA \/ SEL\u00c7UKLU<\/li>\n\n\n\n<li><strong>\u0130DARE :<\/strong> SEL\u00c7UKLU BELED\u0130YES\u0130<\/li>\n\n\n\n<li><strong>YAPIM YILI :<\/strong> 2018-2019<\/li>\n<\/ul>\n<\/div><\/div>\n","protected":false},"excerpt":{"rendered":"","protected":false},"author":1,"featured_media":0,"parent":0,"menu_order":0,"comment_status":"closed","ping_status":"closed","template":"","meta":{"footnotes":""},"class_list":["post-186","page","type-page","status-publish","hentry"],"_links":{"self":[{"href":"https:\/\/asyarestorasyon.com.tr\/index.php\/wp-json\/wp\/v2\/pages\/186","targetHints":{"allow":["GET"]}}],"collection":[{"href":"https:\/\/asyarestorasyon.com.tr\/index.php\/wp-json\/wp\/v2\/pages"}],"about":[{"href":"https:\/\/asyarestorasyon.com.tr\/index.php\/wp-json\/wp\/v2\/types\/page"}],"author":[{"embeddable":true,"href":"https:\/\/asyarestorasyon.com.tr\/index.php\/wp-json\/wp\/v2\/users\/1"}],"replies":[{"embeddable":true,"href":"https:\/\/asyarestorasyon.com.tr\/index.php\/wp-json\/wp\/v2\/comments?post=186"}],"version-history":[{"count":50,"href":"https:\/\/asyarestorasyon.com.tr\/index.php\/wp-json\/wp\/v2\/pages\/186\/revisions"}],"predecessor-version":[{"id":400,"href":"https:\/\/asyarestorasyon.com.tr\/index.php\/wp-json\/wp\/v2\/pages\/186\/revisions\/400"}],"wp:attachment":[{"href":"https:\/\/asyarestorasyon.com.tr\/index.php\/wp-json\/wp\/v2\/media?parent=186"}],"curies":[{"name":"wp","href":"https:\/\/api.w.org\/{rel}","templated":true}]}}