{"id":81,"date":"2024-06-12T12:20:35","date_gmt":"2024-06-12T09:20:35","guid":{"rendered":"https:\/\/asyarestorasyon.com.tr\/?page_id=81"},"modified":"2024-06-24T15:10:14","modified_gmt":"2024-06-24T12:10:14","slug":"hakkimizda","status":"publish","type":"page","link":"https:\/\/asyarestorasyon.com.tr\/index.php\/hakkimizda\/","title":{"rendered":"Hakk\u0131m\u0131zda"},"content":{"rendered":"\n<p class=\"has-text-align-center\"><strong>ASYA RESTORASYON<\/strong><\/p>\n\n\n\n<ul class=\"wp-block-list\">\n<li>As\u0131rlard\u0131r bu topraklarda pek \u00e7ok uygarl\u0131\u011f\u0131n b\u0131rakt\u0131\u011f\u0131 izleri ileriki nesillere aktarabilmenin ne denli ciddi bir sorumluluk oldu\u011funun fark\u0131nda olarak 20 y\u0131l\u0131 a\u015fk\u0131n s\u00fcredir \u00e7al\u0131\u015fmalar\u0131m\u0131z\u0131 s\u00fcrd\u00fcrmekteyiz. Firmam\u0131z\u0131n amac\u0131, ulusal de\u011ferlerimiz olan tarihi kent dokusunu ya\u015fatmak, tarihi ve k\u00fclt\u00fcrel de\u011ferler ta\u015f\u0131yan bu eselerin \u00f6zelliklerini koruyarak onar\u0131mlar\u0131n\u0131n do\u011fru bir g\u00f6r\u00fc\u015fle yap\u0131lmas\u0131n\u0131 sa\u011flamakt\u0131r.<\/li>\n<\/ul>\n\n\n\n<blockquote class=\"wp-block-quote is-style-plain is-layout-flow wp-block-quote-is-layout-flow\">\n<blockquote class=\"wp-block-quote is-layout-flow wp-block-quote-is-layout-flow\">\n<p class=\"has-text-align-left\"><strong>Firmam\u0131z\u0131n Hedefleri ;                                                                                                                                                         M\u00fc\u015fterilerimize teknik, ekonomik ve kaliteli hizmet vermek,                                                                                         Sekt\u00f6r\u00fcm\u00fczdeki yenilikleri takip etmek,                                                                                                                           Firma s\u00fcre\u00e7lerini, hizmet kalitesini ve personelini                                                                                          &#8221;s\u00fcrekli iyile\u015ftirme&#8221; felsefesi ile y\u00f6netmek,                                                                                                   Hem firma, hen de personel baz\u0131nda s\u00fcrekli yetkinliklerimizi artt\u0131rmak,                                                                                                                                                       \u00c7evreye ve tarihi dokuya duyarl\u0131 olarak,                                                                                                        T\u00fcrkiye ekonomisine katk\u0131 sa\u011flamakt\u0131r<\/strong>.<\/p>\n\n\n\n<p><\/p>\n<\/blockquote>\n<\/blockquote>\n\n\n\n<ul class=\"wp-block-list\">\n<li><strong>TEKN\u0130K KADRO             <\/strong><\/li>\n\n\n\n<li><strong>Salimat \u00d6zil \u00d6ZK\u00d6K     Mimar<\/strong><\/li>\n\n\n\n<li><strong>Elif YILMAZ                     Mimar<\/strong><\/li>\n\n\n\n<li><strong>Melis Bal\u0131k KE\u015e\u00c7\u0130          Y.Mimar<\/strong><\/li>\n\n\n\n<li><strong>Elif SARI                           Restorat\u00f6r   <\/strong>   <\/li>\n<\/ul>\n","protected":false},"excerpt":{"rendered":"<p>ASYA RESTORASYON<\/p>\n","protected":false},"author":1,"featured_media":0,"parent":0,"menu_order":0,"comment_status":"closed","ping_status":"closed","template":"","meta":{"footnotes":""},"class_list":["post-81","page","type-page","status-publish","hentry"],"_links":{"self":[{"href":"https:\/\/asyarestorasyon.com.tr\/index.php\/wp-json\/wp\/v2\/pages\/81","targetHints":{"allow":["GET"]}}],"collection":[{"href":"https:\/\/asyarestorasyon.com.tr\/index.php\/wp-json\/wp\/v2\/pages"}],"about":[{"href":"https:\/\/asyarestorasyon.com.tr\/index.php\/wp-json\/wp\/v2\/types\/page"}],"author":[{"embeddable":true,"href":"https:\/\/asyarestorasyon.com.tr\/index.php\/wp-json\/wp\/v2\/users\/1"}],"replies":[{"embeddable":true,"href":"https:\/\/asyarestorasyon.com.tr\/index.php\/wp-json\/wp\/v2\/comments?post=81"}],"version-history":[{"count":12,"href":"https:\/\/asyarestorasyon.com.tr\/index.php\/wp-json\/wp\/v2\/pages\/81\/revisions"}],"predecessor-version":[{"id":233,"href":"https:\/\/asyarestorasyon.com.tr\/index.php\/wp-json\/wp\/v2\/pages\/81\/revisions\/233"}],"wp:attachment":[{"href":"https:\/\/asyarestorasyon.com.tr\/index.php\/wp-json\/wp\/v2\/media?parent=81"}],"curies":[{"name":"wp","href":"https:\/\/api.w.org\/{rel}","templated":true}]}}