{"id":97,"date":"2024-06-12T13:04:47","date_gmt":"2024-06-12T10:04:47","guid":{"rendered":"https:\/\/asyarestorasyon.com.tr\/?page_id=97"},"modified":"2024-06-26T10:12:29","modified_gmt":"2024-06-26T07:12:29","slug":"referanslar","status":"publish","type":"page","link":"https:\/\/asyarestorasyon.com.tr\/index.php\/referanslar\/","title":{"rendered":"\u0130leti\u015fim"},"content":{"rendered":"\n<p><mark style=\"background-color:rgba(0, 0, 0, 0)\" class=\"has-inline-color has-black-color\"><strong>B\u0130ZE ULA\u015eIN<\/strong><\/mark><\/p>\n\n\n\n<ul class=\"wp-block-list\">\n<li><strong>ADRES<\/strong>:<\/li>\n<\/ul>\n\n\n\n<p>\u26b2 \u0130stanbul\/Esenler Kaz\u0131m Karabekir Mahallesi Kaz\u0131m Karabekir Cadesi no57\/A<\/p>\n\n\n\n<ul class=\"wp-block-list\">\n<li>TELEFON:<\/li>\n<\/ul>\n\n\n\n<p>\u27060212-823-82-69<\/p>\n\n\n\n<p>\u27060533-390-47-01<\/p>\n\n\n\n<ul class=\"wp-block-list\">\n<li><strong>E-MA\u0130L:<\/strong><\/li>\n<\/ul>\n\n\n\n<p>info@asyarestorasyon.com.tr<\/p>\n\n\n\n<ul class=\"wp-block-list\">\n<li><strong>WEB:<\/strong><\/li>\n<\/ul>\n\n\n\n<p>asyarestorasyon.com.tr<\/p>\n\n\n<style id=\"wpforms-css-vars-root\">\n\t\t\t\t:root {\n\t\t\t\t\t--wpforms-field-border-radius: 3px;\n--wpforms-field-border-style: solid;\n--wpforms-field-border-size: 1px;\n--wpforms-field-background-color: #ffffff;\n--wpforms-field-border-color: rgba( 0, 0, 0, 0.25 );\n--wpforms-field-border-color-spare: rgba( 0, 0, 0, 0.25 );\n--wpforms-field-text-color: rgba( 0, 0, 0, 0.7 );\n--wpforms-field-menu-color: #ffffff;\n--wpforms-label-color: rgba( 0, 0, 0, 0.85 );\n--wpforms-label-sublabel-color: rgba( 0, 0, 0, 0.55 );\n--wpforms-label-error-color: #d63637;\n--wpforms-button-border-radius: 3px;\n--wpforms-button-border-style: none;\n--wpforms-button-border-size: 1px;\n--wpforms-button-background-color: #066aab;\n--wpforms-button-border-color: #066aab;\n--wpforms-button-text-color: #ffffff;\n--wpforms-page-break-color: #066aab;\n--wpforms-background-image: none;\n--wpforms-background-position: center center;\n--wpforms-background-repeat: no-repeat;\n--wpforms-background-size: cover;\n--wpforms-background-width: 100px;\n--wpforms-background-height: 100px;\n--wpforms-background-color: rgba( 0, 0, 0, 0 );\n--wpforms-background-url: none;\n--wpforms-container-padding: 0px;\n--wpforms-container-border-style: none;\n--wpforms-container-border-width: 1px;\n--wpforms-container-border-color: #000000;\n--wpforms-container-border-radius: 3px;\n--wpforms-field-size-input-height: 43px;\n--wpforms-field-size-input-spacing: 15px;\n--wpforms-field-size-font-size: 16px;\n--wpforms-field-size-line-height: 19px;\n--wpforms-field-size-padding-h: 14px;\n--wpforms-field-size-checkbox-size: 16px;\n--wpforms-field-size-sublabel-spacing: 5px;\n--wpforms-field-size-icon-size: 1;\n--wpforms-label-size-font-size: 16px;\n--wpforms-label-size-line-height: 19px;\n--wpforms-label-size-sublabel-font-size: 14px;\n--wpforms-label-size-sublabel-line-height: 17px;\n--wpforms-button-size-font-size: 17px;\n--wpforms-button-size-height: 41px;\n--wpforms-button-size-padding-h: 15px;\n--wpforms-button-size-margin-top: 10px;\n--wpforms-container-shadow-size-box-shadow: none;\n\n\t\t\t\t}\n\t\t\t<\/style><div class=\"wpforms-container wpforms-container-full wpforms-block wpforms-block-56cbb480-ba2e-43c7-9426-ecc77a28bb16 wpforms-render-modern\" id=\"wpforms-113\"><form id=\"wpforms-form-113\" class=\"wpforms-validate wpforms-form wpforms-ajax-form\" data-formid=\"113\" method=\"post\" enctype=\"multipart\/form-data\" action=\"\/index.php\/wp-json\/wp\/v2\/pages\/97\" data-token=\"9f39416f766db007ca001c42b495e986\" data-token-time=\"1778774167\"><noscript class=\"wpforms-error-noscript\">Bu formu bitirebilmek i\u00e7in taray\u0131c\u0131n\u0131zda JavaScript&#039;i etkinle\u015ftirin.<\/noscript><div class=\"wpforms-hidden\" id=\"wpforms-error-noscript\">Bu formu bitirebilmek i\u00e7in taray\u0131c\u0131n\u0131zda JavaScript&#039;i etkinle\u015ftirin.<\/div><div class=\"wpforms-field-container\"><div id=\"wpforms-113-field_0-container\" class=\"wpforms-field wpforms-field-name\" data-field-id=\"0\"><fieldset><legend class=\"wpforms-field-label\">Ad\u0131 Soyad\u0131 <span class=\"wpforms-required-label\" aria-hidden=\"true\">*<\/span><\/legend><div class=\"wpforms-field-row wpforms-field-medium\"><div class=\"wpforms-field-row-block wpforms-first wpforms-one-half\"><input type=\"text\" id=\"wpforms-113-field_0\" class=\"wpforms-field-name-first wpforms-field-required\" name=\"wpforms[fields][0][first]\" aria-errormessage=\"wpforms-113-field_0-error\" required><label for=\"wpforms-113-field_0\" class=\"wpforms-field-sublabel after\">Ad<\/label><\/div><div class=\"wpforms-field-row-block wpforms-one-half\"><input type=\"text\" id=\"wpforms-113-field_0-last\" class=\"wpforms-field-name-last wpforms-field-required\" name=\"wpforms[fields][0][last]\" aria-errormessage=\"wpforms-113-field_0-last-error\" required><label for=\"wpforms-113-field_0-last\" class=\"wpforms-field-sublabel after\">Soyad<\/label><\/div><\/div><\/fieldset><\/div><div id=\"wpforms-113-field_1-container\" class=\"wpforms-field wpforms-field-email\" data-field-id=\"1\"><label class=\"wpforms-field-label\" for=\"wpforms-113-field_1\">E-posta <span class=\"wpforms-required-label\" aria-hidden=\"true\">*<\/span><\/label><input type=\"email\" id=\"wpforms-113-field_1\" class=\"wpforms-field-medium wpforms-field-required\" name=\"wpforms[fields][1]\" spellcheck=\"false\" aria-errormessage=\"wpforms-113-field_1-error\" required><\/div><div id=\"wpforms-113-field_2-container\" class=\"wpforms-field wpforms-field-textarea\" data-field-id=\"2\"><label class=\"wpforms-field-label\" for=\"wpforms-113-field_2\">Yorum veya Mesaj<\/label><textarea id=\"wpforms-113-field_2\" class=\"wpforms-field-medium\" name=\"wpforms[fields][2]\" aria-errormessage=\"wpforms-113-field_2-error\" ><\/textarea><\/div><\/div><!-- .wpforms-field-container --><div class=\"wpforms-submit-container\" ><input type=\"hidden\" name=\"wpforms[id]\" value=\"113\"><input type=\"hidden\" name=\"page_title\" value=\"\"><input type=\"hidden\" name=\"page_url\" value=\"https:\/\/asyarestorasyon.com.tr\/index.php\/wp-json\/wp\/v2\/pages\/97\"><button type=\"submit\" name=\"wpforms[submit]\" id=\"wpforms-submit-113\" class=\"wpforms-submit\" data-alt-text=\"G\u00f6nderiliyor...\" data-submit-text=\"G\u00f6nder\" aria-live=\"assertive\" value=\"wpforms-submit\">G\u00f6nder<\/button><img loading=\"lazy\" decoding=\"async\" src=\"https:\/\/asyarestorasyon.com.tr\/wp-content\/plugins\/wpforms-lite\/assets\/images\/submit-spin.svg\" class=\"wpforms-submit-spinner\" style=\"display: none;\" width=\"26\" height=\"26\" alt=\"Y\u00fckleniyor\"><\/div><\/form><\/div>  <!-- .wpforms-container -->\n\n\n<p><a href=\"https:\/\/maps.app.goo.gl\/V3Guxf7GjQ32Uhqw9\">https:\/\/maps.app.goo.gl\/V3Guxf7GjQ32Uhqw9<\/a><\/p>\n","protected":false},"excerpt":{"rendered":"<p>B\u0130ZE ULA\u015eIN \u26b2 \u0130stanbul\/Esenler Kaz\u0131m Karabekir Mahallesi Kaz\u0131m Karabekir Cadesi no57\/A \u27060212-823-82-69 \u27060533-390-47-01 info@asyarestorasyon.com.tr asyarestorasyon.com.tr https:\/\/maps.app.goo.gl\/V3Guxf7GjQ32Uhqw9<\/p>\n","protected":false},"author":1,"featured_media":0,"parent":0,"menu_order":0,"comment_status":"closed","ping_status":"closed","template":"","meta":{"footnotes":""},"class_list":["post-97","page","type-page","status-publish","hentry"],"_links":{"self":[{"href":"https:\/\/asyarestorasyon.com.tr\/index.php\/wp-json\/wp\/v2\/pages\/97","targetHints":{"allow":["GET"]}}],"collection":[{"href":"https:\/\/asyarestorasyon.com.tr\/index.php\/wp-json\/wp\/v2\/pages"}],"about":[{"href":"https:\/\/asyarestorasyon.com.tr\/index.php\/wp-json\/wp\/v2\/types\/page"}],"author":[{"embeddable":true,"href":"https:\/\/asyarestorasyon.com.tr\/index.php\/wp-json\/wp\/v2\/users\/1"}],"replies":[{"embeddable":true,"href":"https:\/\/asyarestorasyon.com.tr\/index.php\/wp-json\/wp\/v2\/comments?post=97"}],"version-history":[{"count":6,"href":"https:\/\/asyarestorasyon.com.tr\/index.php\/wp-json\/wp\/v2\/pages\/97\/revisions"}],"predecessor-version":[{"id":326,"href":"https:\/\/asyarestorasyon.com.tr\/index.php\/wp-json\/wp\/v2\/pages\/97\/revisions\/326"}],"wp:attachment":[{"href":"https:\/\/asyarestorasyon.com.tr\/index.php\/wp-json\/wp\/v2\/media?parent=97"}],"curies":[{"name":"wp","href":"https:\/\/api.w.org\/{rel}","templated":true}]}}